{"id":17894,"date":"2019-02-04T16:42:15","date_gmt":"2019-02-04T15:42:15","guid":{"rendered":"https:\/\/lesaint.abvent.com\/?page_id=17894"},"modified":"2025-01-03T12:14:26","modified_gmt":"2025-01-03T11:14:26","slug":"information-registration","status":"publish","type":"page","link":"https:\/\/agencevu.com\/en\/vu-education\/information-registration\/","title":{"rendered":"Information &#038; Registration"},"content":{"rendered":"<div id='av_section_1'  class='avia-section main_color avia-section-default avia-no-border-styling  avia-bg-style-scroll  avia-builder-el-0  el_before_av_section  avia-builder-el-first   av-minimum-height av-minimum-height-50  container_wrap fullsize' style='background-color: #6b9880;  '   data-av_minimum_height_pc='50'><div class='container' ><main  role=\"main\" itemprop=\"mainContentOfPage\"  class='template-page content  av-content-full alpha units'><div class='post-entry post-entry-type-page post-entry-17894'><div class='entry-content-wrapper clearfix'>\n<div class='flex_column_table av-equal-height-column-flextable -flextable' ><div class=\"flex_column av_one_third  flex_column_table_cell av-equal-height-column av-align-middle av-zero-column-padding first  avia-builder-el-1  el_before_av_one_third  avia-builder-el-first  \" style='border-radius:0px; '><section class=\"av_textblock_section \"  itemscope=\"itemscope\" itemtype=\"https:\/\/schema.org\/CreativeWork\" ><div class='avia_textblock  '   itemprop=\"text\" ><p><img loading=\"lazy\" class=\"alignnone wp-image-34935\" src=\"https:\/\/agencevu.com\/wp-content\/uploads\/2017\/10\/vu-education.png\" alt=\"\" width=\"306\" height=\"60\" srcset=\"https:\/\/agencevu.com\/wp-content\/uploads\/2017\/10\/vu-education.png 999w, https:\/\/agencevu.com\/wp-content\/uploads\/2017\/10\/vu-education-80x16.png 80w, https:\/\/agencevu.com\/wp-content\/uploads\/2017\/10\/vu-education-300x59.png 300w, https:\/\/agencevu.com\/wp-content\/uploads\/2017\/10\/vu-education-768x151.png 768w, https:\/\/agencevu.com\/wp-content\/uploads\/2017\/10\/vu-education-705x138.png 705w, https:\/\/agencevu.com\/wp-content\/uploads\/2017\/10\/vu-education-450x88.png 450w\" sizes=\"(max-width: 306px) 100vw, 306px\" \/><\/p>\n<\/div><\/section><\/div><div class='av-flex-placeholder'><\/div><div class=\"flex_column av_one_third  flex_column_table_cell av-equal-height-column av-align-middle av-zero-column-padding   avia-builder-el-3  el_after_av_one_third  el_before_av_one_third  \" style='border-radius:0px; '><\/div><div class='av-flex-placeholder'><\/div><div class=\"flex_column av_one_third  flex_column_table_cell av-equal-height-column av-align-middle av-zero-column-padding   avia-builder-el-4  el_after_av_one_third  el_before_av_two_third  \" style='border-radius:0px; '><\/div><\/div><!--close column table wrapper. Autoclose: 1 --><div class=\"flex_column av_two_third  flex_column_div av-zero-column-padding first  avia-builder-el-5  el_after_av_one_third  el_before_av_one_third  column-top-margin\" style='border-radius:0px; '><section class=\"av_textblock_section \"  itemscope=\"itemscope\" itemtype=\"https:\/\/schema.org\/CreativeWork\" ><div class='avia_textblock  av_inherit_color '  style='font-size:20px; color:#ffffff; '  itemprop=\"text\" ><p style=\"text-align: left;\"><strong>Information &amp; Registration<\/strong><\/p>\n<\/div><\/section><br \/>\n<section class=\"av_textblock_section \"  itemscope=\"itemscope\" itemtype=\"https:\/\/schema.org\/CreativeWork\" ><div class='avia_textblock  av_inherit_color '  style='color:#ffffff; '  itemprop=\"text\" ><p>Since 2014, VU&#8217;Education has been developing a range of training courses aimed at professional photographers or those in the process of becoming professionals. The various themes covered enable participants to acquire skills, knowledge and tools that meet the many challenges of contemporary photographic practice.<\/p>\n<p>The varied formats offer learning times and rhythms to suit everyone&#8217;s availability. Finally, the wide range of teaching methods and their adaptability to participants&#8217; personal projects encourage genuine commitment to the course.<\/p>\n<p>VU&#8217;Education courses are popular with photographers who frequently return for further training, and they also provide an opportunity for meetings, debates and social interaction between photography enthusiasts.<\/p>\n<\/div><\/section><\/p><\/div><div class=\"flex_column av_one_third  flex_column_div av-zero-column-padding   avia-builder-el-8  el_after_av_two_third  avia-builder-el-last  column-top-margin\" style='border-radius:0px; '><\/div><\/div><\/div><\/main><!-- close content main element --><\/div><\/div><div id='acquisitions'  class='avia-section main_color avia-section-default avia-no-border-styling  avia-bg-style-scroll  avia-builder-el-9  el_after_av_section  el_before_av_buttonrow   container_wrap fullsize' style=' '  ><div class='container' ><div class='template-page content  av-content-full alpha units'><div class='post-entry post-entry-type-page post-entry-17894'><div class='entry-content-wrapper clearfix'>\n<div class=\"flex_column av_one_full  flex_column_div av-zero-column-padding first  avia-builder-el-10  el_before_av_hr  avia-builder-el-first  \" style='border-radius:0px; '><div   class=\"togglecontainer  av-minimal-toggle toggle_close_all  hasCurrentStyle avia-builder-el-11  avia-builder-el-no-sibling \" data-currentstyle='color:#707070; border-color:#707070; background-color:#f2f2f2; '>\n<section class=\"av_toggle_section\"  itemscope=\"itemscope\" itemtype=\"https:\/\/schema.org\/CreativeWork\"  >    <div role=\"tablist\" class=\"single_toggle\" data-tags=\"{All} \"  >        <p data-fake-id=\"#toggle-id-1\" class=\"toggler  hasCustomColor av-inherit-font-color  av-inherit-border-color \"  itemprop=\"headline\"  style='background-color: #ffffff; color: #707070; border-color: #707070; ' data-hoverstyle='background-color: #f4f4f4; color: #707070; ' role=\"tab\" tabindex=\"0\" aria-controls=\"toggle-id-1\">Who is the audience for our photographic trainings?<span class=\"toggle_icon\" style='border-color:#707070;'>        <span class=\"vert_icon\"><\/span><span class=\"hor_icon\"><\/span><\/span><\/p>        <div id=\"toggle-id-1\" class=\"toggle_wrap \"   >            <div class=\"toggle_content invers-color  av-inherit-font-color  av-inherit-border-color \"  itemprop=\"text\"  style='background-color: #ffffff; color: #707070; border-color: #707070; ' ><p class=\"Corps\"><span class=\"Aucun\"><span class=\"\" lang=\"EN-US\">Our training sessions are intended for photographers who are already professionals or preparing for that career, as well as for artists who use photography and advanced amateur photographers.<\/span><\/span><\/p>\n<p class=\"Corps\">Most of our sessions are given in French. If you don&#8217;t speak French, do contact us to see if special arrangements can be made for your language. Certain trainings are given in English, notably when the photographer-trainer is an Anglophone; in this case, the training program appears in English on the website.<\/p>\n            <\/div>        <\/div>    <\/div><\/section>\n<section class=\"av_toggle_section\"  itemscope=\"itemscope\" itemtype=\"https:\/\/schema.org\/CreativeWork\"  >    <div role=\"tablist\" class=\"single_toggle\" data-tags=\"{All} \"  >        <p data-fake-id=\"#toggle-id-2\" class=\"toggler  hasCustomColor av-inherit-font-color  av-inherit-border-color \"  itemprop=\"headline\"  style='background-color: #ffffff; color: #707070; border-color: #707070; ' data-hoverstyle='background-color: #f4f4f4; color: #707070; ' role=\"tab\" tabindex=\"0\" aria-controls=\"toggle-id-2\">How do I sign up for a program?<span class=\"toggle_icon\" style='border-color:#707070;'>        <span class=\"vert_icon\"><\/span><span class=\"hor_icon\"><\/span><\/span><\/p>        <div id=\"toggle-id-2\" class=\"toggle_wrap \"   >            <div class=\"toggle_content invers-color  av-inherit-font-color  av-inherit-border-color \"  itemprop=\"text\"  style='background-color: #ffffff; color: #707070; border-color: #707070; ' ><p class=\"Corps\"><span class=\"Aucun\"><span class=\"\" lang=\"EN-US\">1) Begin by preregistering through the online form, via the &#8220;preregistration&#8221; button at the bottom of the page for the program of your choice.<\/span><\/span><\/p>\n<p class=\"Corps\"><span class=\"Aucun\"><span class=\"\" lang=\"EN-US\">2) VU&#8217;Education will then contact you to let you know if the program is offered in English and if places are available, and to discuss <\/span><\/span><span class=\"\" lang=\"EN-US\">payment and financial<span class=\"Aucun\"> options.<\/span><\/span><\/p>\n<p class=\"Corps\"><span class=\"Aucun\"><span class=\"\" lang=\"EN-US\">3) By mutual agreement, the registration process can be finalized.<\/span><\/span><\/p>\n            <\/div>        <\/div>    <\/div><\/section>\n<section class=\"av_toggle_section\"  itemscope=\"itemscope\" itemtype=\"https:\/\/schema.org\/CreativeWork\"  >    <div role=\"tablist\" class=\"single_toggle\" data-tags=\"{All} \"  >        <p data-fake-id=\"#toggle-id-3\" class=\"toggler  hasCustomColor av-inherit-font-color  av-inherit-border-color \"  itemprop=\"headline\"  style='background-color: #ffffff; color: #707070; border-color: #707070; ' data-hoverstyle='background-color: #f4f4f4; color: #707070; ' role=\"tab\" tabindex=\"0\" aria-controls=\"toggle-id-3\">Does VU\u2019Education offer also training within organisations and institutions?<span class=\"toggle_icon\" style='border-color:#707070;'>        <span class=\"vert_icon\"><\/span><span class=\"hor_icon\"><\/span><\/span><\/p>        <div id=\"toggle-id-3\" class=\"toggle_wrap \"   >            <div class=\"toggle_content invers-color  av-inherit-font-color  av-inherit-border-color \"  itemprop=\"text\"  style='background-color: #ffffff; color: #707070; border-color: #707070; ' ><p class=\"Corps\"><span class=\"Aucun\"><span class=\"\" lang=\"EN-US\">Yes, VU\u2019Education offers programs in businesses, cultural institutions, local agencies and schools.<\/span><\/span><\/p>\n<p class=\"Corps\">Designed to meet the needs identified by and with the host institution, these educational or outreach programs may approach photography theoretically (history of photography, interpretation of images&#8230;), practically (taking portraits, constructing a series) or as a way to perceive a place or subject (encouraging the public to explore an architectural space, to revisit a collection of images&#8230;).<\/p>\n<p class=\"Corps\">Please feel free to contact us to develop a training project together.<\/p>\n            <\/div>        <\/div>    <\/div><\/section>\n<\/div><\/div><div  style='height:50px' class='hr hr-invisible   avia-builder-el-12  el_after_av_one_full  avia-builder-el-last '><span class='hr-inner ' ><span class='hr-inner-style'><\/span><\/span><\/div>\n<\/div><\/div><\/div><!-- close content main div --><\/div><\/div><div id='after_section_2'  class='main_color av_default_container_wrap container_wrap fullsize' style=' '  ><div class='container' ><div class='template-page content  av-content-full alpha units'><div class='post-entry post-entry-type-page post-entry-17894'><div class='entry-content-wrapper clearfix'><\/p>\n<div  class='avia-buttonrow-wrap avia-buttonrow-center   avia-builder-el-13  el_after_av_section  avia-builder-el-no-sibling '>\n<a href='\/wp-content\/uploads\/2021\/04\/Conditions_generales_Vueducation_2021.pdf' class='avia-button  avia-color-theme-color-highlight  avia-icon_select-no avia-size-medium ' target=\"_blank\" rel=\"noopener noreferrer\" style='margin-bottom:5px; margin-left:3px; margin-right:3px; '><span class='avia_iconbox_title' >T\u00e9l\u00e9charger les conditions g\u00e9n\u00e9rales<\/span><\/a>\n<a href='https:\/\/agencevu.com\/wp-content\/uploads\/2021\/11\/Reglement-interieur_nov2021.pdf' class='avia-button  avia-color-theme-color-highlight  avia-icon_select-no avia-size-medium ' target=\"_blank\" rel=\"noopener noreferrer\" style='margin-bottom:5px; margin-left:3px; margin-right:3px; '><span class='avia_iconbox_title' >T\u00e9l\u00e9charger le r\u00e8glement Int\u00e9rieur<\/span><\/a>\n<a href='https:\/\/docs.google.com\/forms\/d\/e\/1FAIpQLSdegI9mihJSqaTLJdUKP75IUO-FsY9_GWF6IyJP3acFHhPo_Q\/viewform' class='avia-button  avia-color-theme-color-highlight  avia-icon_select-no avia-size-medium ' target=\"_blank\" rel=\"noopener noreferrer\" style='margin-bottom:5px; margin-left:3px; margin-right:3px; '><span class='avia_iconbox_title' >Se pr\u00e9-inscrire<\/span><\/a>\n<\/div>\n","protected":false},"excerpt":{"rendered":"","protected":false},"author":4,"featured_media":0,"parent":12694,"menu_order":0,"comment_status":"closed","ping_status":"closed","template":"","meta":{"ngg_post_thumbnail":0,"inline_featured_image":false},"yoast_head":"<!-- This site is optimized with the Yoast SEO plugin v16.3 - https:\/\/yoast.com\/wordpress\/plugins\/seo\/ -->\n<title>Information &amp; Registration - Agence VU&#039;<\/title>\n<meta name=\"robots\" content=\"index, follow, max-snippet:-1, max-image-preview:large, max-video-preview:-1\" \/>\n<link rel=\"canonical\" href=\"\/\" \/>\n<meta property=\"og:locale\" content=\"en_US\" \/>\n<meta property=\"og:type\" content=\"article\" \/>\n<meta property=\"og:title\" content=\"Information &amp; Registration - Agence VU&#039;\" \/>\n<meta property=\"og:site_name\" content=\"Agence VU&#039;\" \/>\n<meta property=\"article:publisher\" content=\"https:\/\/www.facebook.com\/VUagence\" \/>\n<meta property=\"article:modified_time\" content=\"2025-01-03T11:14:26+00:00\" \/>\n<meta property=\"og:image\" content=\"https:\/\/agencevu.com\/wp-content\/uploads\/2017\/10\/vu-education.png\" \/>\n<meta name=\"twitter:card\" content=\"summary_large_image\" \/>\n<meta name=\"twitter:site\" content=\"@agence_vu\" \/>\n<script type=\"application\/ld+json\" class=\"yoast-schema-graph\">{\"@context\":\"https:\/\/schema.org\",\"@graph\":[{\"@type\":\"WebSite\",\"@id\":\"https:\/\/agencevu.com\/en\/#website\",\"url\":\"https:\/\/agencevu.com\/en\/\",\"name\":\"Agence VU&#039;\",\"description\":\"Agency of photographers founded in 1986\",\"potentialAction\":[{\"@type\":\"SearchAction\",\"target\":\"https:\/\/agencevu.com\/en\/?s={search_term_string}\",\"query-input\":\"required name=search_term_string\"}],\"inLanguage\":\"en-US\"},{\"@type\":\"ImageObject\",\"@id\":\"#primaryimage\",\"inLanguage\":\"en-US\",\"url\":\"https:\/\/agencevu.com\/wp-content\/uploads\/2017\/10\/vu-education.png\",\"contentUrl\":\"https:\/\/agencevu.com\/wp-content\/uploads\/2017\/10\/vu-education.png\",\"width\":999,\"height\":196},{\"@type\":\"WebPage\",\"@id\":\"#webpage\",\"url\":null,\"name\":\"Information & Registration - Agence VU&#039;\",\"isPartOf\":{\"@id\":\"https:\/\/agencevu.com\/en\/#website\"},\"primaryImageOfPage\":{\"@id\":\"#primaryimage\"},\"datePublished\":\"2019-02-04T15:42:15+00:00\",\"dateModified\":\"2025-01-03T11:14:26+00:00\",\"breadcrumb\":{\"@id\":\"#breadcrumb\"},\"inLanguage\":\"en-US\",\"potentialAction\":[{\"@type\":\"ReadAction\",\"target\":[null]}]},{\"@type\":\"BreadcrumbList\",\"@id\":\"#breadcrumb\",\"itemListElement\":[{\"@type\":\"ListItem\",\"position\":1,\"item\":{\"@type\":\"WebPage\",\"@id\":\"https:\/\/agencevu.com\/en\/home\/\",\"url\":\"https:\/\/agencevu.com\/en\/home\/\",\"name\":\"Home\"}},{\"@type\":\"ListItem\",\"position\":2,\"item\":{\"@type\":\"WebPage\",\"@id\":\"https:\/\/agencevu.com\/en\/vu-education\/\",\"url\":\"https:\/\/agencevu.com\/en\/vu-education\/\",\"name\":\"VU&#8217; Education\"}},{\"@type\":\"ListItem\",\"position\":3,\"item\":{\"@id\":\"#webpage\"}}]}]}<\/script>\n<!-- \/ Yoast SEO plugin. -->","_links":{"self":[{"href":"https:\/\/agencevu.com\/en\/wp-json\/wp\/v2\/pages\/17894"}],"collection":[{"href":"https:\/\/agencevu.com\/en\/wp-json\/wp\/v2\/pages"}],"about":[{"href":"https:\/\/agencevu.com\/en\/wp-json\/wp\/v2\/types\/page"}],"author":[{"embeddable":true,"href":"https:\/\/agencevu.com\/en\/wp-json\/wp\/v2\/users\/4"}],"replies":[{"embeddable":true,"href":"https:\/\/agencevu.com\/en\/wp-json\/wp\/v2\/comments?post=17894"}],"version-history":[{"count":3,"href":"https:\/\/agencevu.com\/en\/wp-json\/wp\/v2\/pages\/17894\/revisions"}],"predecessor-version":[{"id":156620,"href":"https:\/\/agencevu.com\/en\/wp-json\/wp\/v2\/pages\/17894\/revisions\/156620"}],"up":[{"embeddable":true,"href":"https:\/\/agencevu.com\/en\/wp-json\/wp\/v2\/pages\/12694"}],"wp:attachment":[{"href":"https:\/\/agencevu.com\/en\/wp-json\/wp\/v2\/media?parent=17894"}],"curies":[{"name":"wp","href":"https:\/\/api.w.org\/{rel}","templated":true}]}}