{"id":12677,"date":"2017-11-24T12:02:15","date_gmt":"2017-11-24T11:02:15","guid":{"rendered":"https:\/\/lesaint.abvent.com\/projets-culturels\/"},"modified":"2019-03-12T10:58:42","modified_gmt":"2019-03-12T09:58:42","slug":"cultural-projects","status":"publish","type":"page","link":"https:\/\/agencevu.com\/en\/cultural-projects\/","title":{"rendered":"Cultural Projects"},"content":{"rendered":"<div id='av_section_1'  class='avia-section main_color avia-section-small avia-no-border-styling  avia-bg-style-scroll  avia-builder-el-0  el_before_av_layerslider  avia-builder-el-first   container_wrap fullsize' style='background-color: #f1f1f1;  '  ><div class='container' ><main  role=\"main\" itemprop=\"mainContentOfPage\"  class='template-page content  av-content-full alpha units'><div class='post-entry post-entry-type-page post-entry-12677'><div class='entry-content-wrapper clearfix'>\n<section class=\"av_textblock_section \"  itemscope=\"itemscope\" itemtype=\"https:\/\/schema.org\/CreativeWork\" ><div class='avia_textblock  '   itemprop=\"text\" ><p class=\"titre-page\">Cultural Projects<\/p>\n<hr class=\"hr-titre-page\">\n<\/div><\/section>\n<\/div><\/div><\/main><!-- close content main element --><\/div><\/div><div id='layer_slider_1'  class='avia-layerslider main_color avia-shadow  avia-builder-el-2  el_after_av_section  el_before_av_hr  slider-not-first container_wrap fullsize' style='  height: 501px; max-width: 1280px; margin: 0 auto;' ><\/div><div id='after_layer_slider_1'  class='main_color av_default_container_wrap container_wrap fullsize' style=' '  ><div class='container' ><div class='template-page content  av-content-full alpha units'><div class='post-entry post-entry-type-page post-entry-12677'><div class='entry-content-wrapper clearfix'><\/p>\n<div  style='height:30px' class='hr hr-invisible   avia-builder-el-3  el_after_av_layerslider  el_before_av_two_third  avia-builder-el-first '><span class='hr-inner ' ><span class='hr-inner-style'><\/span><\/span><\/div>\n<div class=\"flex_column av_two_third  flex_column_div first  avia-builder-el-4  el_after_av_hr  el_before_av_one_fourth  \" style='padding:0px 20px 0px 0px ; border-radius:0px; '><section class=\"av_textblock_section \"  itemscope=\"itemscope\" itemtype=\"https:\/\/schema.org\/CreativeWork\" ><div class='avia_textblock textJustify '   itemprop=\"text\" ><p class=\"p1\">Valorisant la mixit\u00e9 des approches et b\u00e9n\u00e9ficiant d\u2019une grande exp\u00e9rience dans la r\u00e9alisation de commandes institutionnelles, VU\u2019 favorise la rencontre de ses photographes avec les acteurs du secteur culturel, qu\u2019il soit public ou priv\u00e9.<\/p>\n<p class=\"p1\">Reportages ou cartes blanches, campagnes de valorisation patrimoniale ou de communication, projets sp\u00e9ciaux, transmedias ou pluridisciplinaires, \u00e9v\u00e9nement culturel, r\u00e9sidence artistique ou projet p\u00e9dagogique, etc : le regard cr\u00e9atif, l\u2019\u00e9criture forte, et le professionnalisme attentif des photographes VU\u2019 se mettent au service de la sp\u00e9cificit\u00e9 de vos projets culturels.<\/p>\n<p class=\"p1\">Pour confier la r\u00e9alisation de votre projet \u00e0 un photographe en particulier ou b\u00e9n\u00e9ficier des conseils et recommandations de VU\u2019 pour enrichir vos projets de nouvelles perspectives,<span class=\"s1\"> merci de contacter Patricia Morvan par t\u00e9l\u00e9phone ou par email.<\/span><\/p>\n<\/div><\/section><\/div>\n<div class=\"flex_column av_one_fourth  flex_column_div av-zero-column-padding   avia-builder-el-6  el_after_av_two_third  avia-builder-el-last  \" style='border-radius:0px; '><section class=\"av_textblock_section \"  itemscope=\"itemscope\" itemtype=\"https:\/\/schema.org\/CreativeWork\" ><div class='avia_textblock  '   itemprop=\"text\" ><h2 class=\"titre-page\">contact<\/h2>\n<hr class=\"hr-titre-page\">\n<\/div><\/section><br \/>\n<section class=\"av_textblock_section \"  itemscope=\"itemscope\" itemtype=\"https:\/\/schema.org\/CreativeWork\" ><div class='avia_textblock  '   itemprop=\"text\" ><p> <strong>Patricia Morvan<\/strong><br \/>\n Responsable de projets<br \/>\n culturels et des expositions<\/p>\n<p><a style=\"text-decoration: none; color: #707070;\" href=\"mailto:morvan@abvent.fr\">morvan@abvent.fr<\/a><\/p>\n<\/div><\/section><\/p><\/div>\n","protected":false},"excerpt":{"rendered":"","protected":false},"author":1,"featured_media":0,"parent":0,"menu_order":0,"comment_status":"closed","ping_status":"closed","template":"","meta":{"ngg_post_thumbnail":0,"inline_featured_image":false},"yoast_head":"<!-- This site is optimized with the Yoast SEO plugin v16.3 - https:\/\/yoast.com\/wordpress\/plugins\/seo\/ -->\n<title>Cultural Projects - Agence VU&#039;<\/title>\n<meta name=\"robots\" content=\"index, follow, max-snippet:-1, max-image-preview:large, max-video-preview:-1\" \/>\n<link rel=\"canonical\" href=\"\/\" \/>\n<meta property=\"og:locale\" content=\"en_US\" \/>\n<meta property=\"og:type\" content=\"article\" \/>\n<meta property=\"og:title\" content=\"Cultural Projects - Agence VU&#039;\" \/>\n<meta property=\"og:site_name\" content=\"Agence VU&#039;\" \/>\n<meta property=\"article:publisher\" content=\"https:\/\/www.facebook.com\/VUagence\" \/>\n<meta property=\"article:modified_time\" content=\"2019-03-12T09:58:42+00:00\" \/>\n<meta name=\"twitter:card\" content=\"summary_large_image\" \/>\n<meta name=\"twitter:site\" content=\"@agence_vu\" \/>\n<script type=\"application\/ld+json\" class=\"yoast-schema-graph\">{\"@context\":\"https:\/\/schema.org\",\"@graph\":[{\"@type\":\"WebSite\",\"@id\":\"https:\/\/agencevu.com\/en\/#website\",\"url\":\"https:\/\/agencevu.com\/en\/\",\"name\":\"Agence VU&#039;\",\"description\":\"Agency of photographers founded in 1986\",\"potentialAction\":[{\"@type\":\"SearchAction\",\"target\":\"https:\/\/agencevu.com\/en\/?s={search_term_string}\",\"query-input\":\"required name=search_term_string\"}],\"inLanguage\":\"en-US\"},{\"@type\":\"WebPage\",\"@id\":\"#webpage\",\"url\":null,\"name\":\"Cultural Projects - Agence VU&#039;\",\"isPartOf\":{\"@id\":\"https:\/\/agencevu.com\/en\/#website\"},\"datePublished\":\"2017-11-24T11:02:15+00:00\",\"dateModified\":\"2019-03-12T09:58:42+00:00\",\"breadcrumb\":{\"@id\":\"#breadcrumb\"},\"inLanguage\":\"en-US\",\"potentialAction\":[{\"@type\":\"ReadAction\",\"target\":[null]}]},{\"@type\":\"BreadcrumbList\",\"@id\":\"#breadcrumb\",\"itemListElement\":[{\"@type\":\"ListItem\",\"position\":1,\"item\":{\"@type\":\"WebPage\",\"@id\":\"https:\/\/agencevu.com\/en\/home\/\",\"url\":\"https:\/\/agencevu.com\/en\/home\/\",\"name\":\"Home\"}},{\"@type\":\"ListItem\",\"position\":2,\"item\":{\"@id\":\"#webpage\"}}]}]}<\/script>\n<!-- \/ Yoast SEO plugin. -->","_links":{"self":[{"href":"https:\/\/agencevu.com\/en\/wp-json\/wp\/v2\/pages\/12677"}],"collection":[{"href":"https:\/\/agencevu.com\/en\/wp-json\/wp\/v2\/pages"}],"about":[{"href":"https:\/\/agencevu.com\/en\/wp-json\/wp\/v2\/types\/page"}],"author":[{"embeddable":true,"href":"https:\/\/agencevu.com\/en\/wp-json\/wp\/v2\/users\/1"}],"replies":[{"embeddable":true,"href":"https:\/\/agencevu.com\/en\/wp-json\/wp\/v2\/comments?post=12677"}],"version-history":[{"count":0,"href":"https:\/\/agencevu.com\/en\/wp-json\/wp\/v2\/pages\/12677\/revisions"}],"wp:attachment":[{"href":"https:\/\/agencevu.com\/en\/wp-json\/wp\/v2\/media?parent=12677"}],"curies":[{"name":"wp","href":"https:\/\/api.w.org\/{rel}","templated":true}]}}